{"id":16,"date":"2014-01-13T11:51:59","date_gmt":"2014-01-13T10:51:59","guid":{"rendered":"http:\/\/www.judith-angerbauer.de\/?page_id=16"},"modified":"2026-03-10T15:11:47","modified_gmt":"2026-03-10T14:11:47","slug":"filmographie","status":"publish","type":"page","link":"https:\/\/www.judith-angerbauer.de\/en\/filmographie\/","title":{"rendered":"Filmography"},"content":{"rendered":"<iframe loading=\"lazy\" style=\"border-radius: 12px;\" src=\"https:\/\/open.spotify.com\/embed\/episode\/1nTOK2K8pFISjGPF7vw6cC?utm_source=generator&amp;theme=0\" width=\"100%\" height=\"232\" frameborder=\"0\" allowfullscreen=\"allowfullscreen\"><\/iframe><\/p>\n<hr \/>\n<p>2024<br \/>\n<span class=\"headline\">SABBATICAL<\/span><br \/>\nwriter and director<br \/>\nProduction: Neue Sch\u00f6nhauser Film, Anna Wendt, Yorgos Tsourgiannis, WDR, arte<br \/>\n<a href=\"https:\/\/www.filmfest-muenchen.de\/de\/festival\/filmarchiv\/film\/?id=7547&#038;f=118\" target=\"_blank\" rel=\"noopener\">Filmfest M\u00fcnchen<\/a><br \/>\nThessaloniki Film Festival<br \/>\nAhrenshooper Filmn\u00e4chte (Promotion Award)<br \/>\nAchtung Berlin Festival <\/p>\n<span class=\"collapseomatic noarrow\" id=\"id9021\"  tabindex=\"0\" title=\"mehr \u2026\"    >mehr \u2026<\/span><div id=\"target-id9021\" class=\"collapseomatic_content \">\n<img loading=\"lazy\" decoding=\"async\" src=\"https:\/\/www.judith-angerbauer.de\/wp-content\/uploads\/SAB-Filmplakat-Website.png\" alt=\"\" width=\"1440\" height=\"2039\" class=\"alignright size-full wp-image-302\" srcset=\"https:\/\/www.judith-angerbauer.de\/wp-content\/uploads\/SAB-Filmplakat-Website.png 1440w, https:\/\/www.judith-angerbauer.de\/wp-content\/uploads\/SAB-Filmplakat-Website-212x300.png 212w, https:\/\/www.judith-angerbauer.de\/wp-content\/uploads\/SAB-Filmplakat-Website-768x1087.png 768w, https:\/\/www.judith-angerbauer.de\/wp-content\/uploads\/SAB-Filmplakat-Website-723x1024.png 723w\" sizes=\"auto, (max-width: 1440px) 100vw, 1440px\" \/><\/p>\n<p><a href=\"https:\/\/www.judith-angerbauer.de\/wp-content\/uploads\/Judith-Angerbauer-Sabbatical-2.png\"><img loading=\"lazy\" decoding=\"async\" class=\"alignleft size-full wp-image-129\" src=\"https:\/\/www.judith-angerbauer.de\/wp-content\/uploads\/Judith-Angerbauer-Sabbatical-2.png\" alt=\"Judith-Angerbauer-Sabbatical\" width=\"1440\" height=\"1080\" \/><\/a><\/p>\n<p><a href=\"https:\/\/www.judith-angerbauer.de\/wp-content\/uploads\/Judith-Angerbauer-Sabbatical-3.png\"><img loading=\"lazy\" decoding=\"async\" class=\"alignleft size-full wp-image-129\" src=\"https:\/\/www.judith-angerbauer.de\/wp-content\/uploads\/Judith-Angerbauer-Sabbatical-3.png\" alt=\"Judith-Angerbauer-Sabbatical\" width=\"1440\" height=\"1080\" \/><\/a><\/p>\n<p><a href=\"https:\/\/www.judith-angerbauer.de\/wp-content\/uploads\/Judith-Angerbauer-Sabbatical-1.png\"><img loading=\"lazy\" decoding=\"async\" class=\"alignleft size-full wp-image-129\" src=\"https:\/\/www.judith-angerbauer.de\/wp-content\/uploads\/Judith-Angerbauer-Sabbatical-1.png\" alt=\"Judith-Angerbauer-Sabbatical\" width=\"1440\" height=\"1080\" \/><\/a><br \/>\nStills \u24b8 Michael Kotschi<\/div>\n<hr \/>\n<p>2023<br \/>\n<span class=\"headline\">WAS WIR F\u00dcRCHTEN<\/span><br \/>\nHead writer<br \/>\nDirector: Daniel R\u00fcbesam<br \/>\nFilmfestival Cologne<br \/>\nnominated for the Grimme Award<\/p>\n<hr \/>\n<p>2023<br \/>\n<span class=\"headline\">MARET<\/span><br \/>\nscreenplay<br \/>\nDirector: Laura Schroeder<br \/>\nProduction: Red Lion Luxemburg, Red Balloon<br \/>\nfunded by Filmf\u00f6rderung Luxemburg and Hamburg Schleswig-Holstein<br \/>\nLuxembourg Film Festival, Filmfest Hamburg, Festival de la Roche-sur-Yon<br \/>\n<span class=\"collapseomatic noarrow\" id=\"id1119\"  tabindex=\"0\" title=\"mehr \u2026\"    >mehr \u2026<\/span><div id=\"target-id1119\" class=\"collapseomatic_content \">\n<p><iframe loading=\"lazy\" title=\"MARET TRAILER OV st EN\" src=\"https:\/\/player.vimeo.com\/video\/825740045?dnt=1&amp;app_id=122963\" width=\"560\" height=\"315\" frameborder=\"0\" allow=\"autoplay; fullscreen; picture-in-picture; clipboard-write; encrypted-media; web-share\" referrerpolicy=\"strict-origin-when-cross-origin\"><\/iframe><\/p>\n<p><a href=\"https:\/\/www.judith-angerbauer.de\/wp-content\/uploads\/03_Maret_Credit_Patrick_Galbats_Iben-Hjejle_Susanne-Wolff.jpeg\"><img loading=\"lazy\" decoding=\"async\" class=\"alignleft size-large\" src=\"https:\/\/www.judith-angerbauer.de\/wp-content\/uploads\/03_Maret_Credit_Patrick_Galbats_Iben-Hjejle_Susanne-Wolff.jpeg\" alt=\"Maret\" width=\"650\" height=\"433\" \/><\/a><\/p>\n<p><a href=\"https:\/\/www.judith-angerbauer.de\/wp-content\/uploads\/05_Maret_Still_Susanne-Wolff-rework.jpeg\"><img loading=\"lazy\" decoding=\"async\" class=\"alignleft size-large\" src=\"https:\/\/www.judith-angerbauer.de\/wp-content\/uploads\/05_Maret_Still_Susanne-Wolff-rework.jpeg\" alt=\"Maret\" width=\"650\" height=\"392\" \/><\/a><\/p>\n<p><a href=\"https:\/\/www.judith-angerbauer.de\/wp-content\/uploads\/10_Maret_Still_Susanne-Wolff-rework.jpeg\"><img loading=\"lazy\" decoding=\"async\" class=\"alignleft size-large\" src=\"https:\/\/www.judith-angerbauer.de\/wp-content\/uploads\/10_Maret_Still_Susanne-Wolff-rework.jpeg\" alt=\"Maret\" width=\"650\" height=\"392\" \/><\/a><br \/>\n\u24b8 Patrick_Galbats<\/p>\n<\/div>\n<hr \/>\n<p>2023<br \/>\n<span class=\"headline\">Das Quartett \u2013 M\u00f6rderischer Pakt<\/span><br \/>\nScreenplay with Jonni Remmler<br \/>\nDirector: Christian Theede<br \/>\nProduction: Akzente Film, ZDF<\/p>\n<hr \/>\n<p>2022\/23<br \/>\n<span class=\"headline\">DAS BOOT<\/span> seasons 3 and 4<br \/>\nScreenplay (1 episode each)<br \/>\nDirector: Hans Steinbichler, Dennis Gansel<br \/>\nProduction: Bavaria Fiction, SKY<\/p>\n<hr \/>\n<p>2019<br \/>\n<span class=\"headline\">DIE NEUE ZEIT<\/span><br \/>\nScreenplay<br \/>\nDirector: Lars Kraume<br \/>\nProduction: Zero One Film, Moovie, Nadcon, ZDF, arte<br \/>\nCannesseries, Filmfest Munich<br \/>\n<span class=\"collapseomatic noarrow\" id=\"id2501\"  tabindex=\"0\" title=\"mehr \u2026\"    >mehr \u2026<\/span><div id=\"target-id2501\" class=\"collapseomatic_content \">\n<p><iframe loading=\"lazy\" title=\"Bauhaus - A New Era\" width=\"560\" height=\"315\" src=\"https:\/\/www.youtube.com\/embed\/8wFnco24Wqg?feature=oembed\" frameborder=\"0\" allow=\"accelerometer; autoplay; clipboard-write; encrypted-media; gyroscope; picture-in-picture; web-share\" referrerpolicy=\"strict-origin-when-cross-origin\" allowfullscreen><\/iframe><\/p>\n<p><a href=\"https:\/\/www.judith-angerbauer.de\/wp-content\/uploads\/DieNeueZeit_Folge6_01.jpg\"><img loading=\"lazy\" decoding=\"async\" class=\"alignleft size-large\" src=\"https:\/\/www.judith-angerbauer.de\/wp-content\/uploads\/DieNeueZeit_Folge6_01.jpg\" alt=\"DIE NEUE ZEIT, Anna Maria M\u00fche\" width=\"650\" height=\"433\" \/><\/a><\/p>\n<p><a href=\"https:\/\/www.judith-angerbauer.de\/wp-content\/uploads\/DieNeueZeit_Folge4_03.jpg\"><img loading=\"lazy\" decoding=\"async\" class=\"alignleft size-large\" src=\"https:\/\/www.judith-angerbauer.de\/wp-content\/uploads\/DieNeueZeit_Folge4_03.jpg\" alt=\"DIE NEUE ZEIT,August Diehl\" width=\"650\" height=\"432\" \/><\/a>\u24b8 Anke Neugebauer<\/p>\n<\/div>\n<hr \/>\n<p>2013<br \/>\n<span class=\"headline\">Sonnwende<\/span><br \/>\nScreenplay and co-director<br \/>\nProduction: Heimatfilm, WDR, MDR<br \/>\nMax Oph\u00fcls Festival Saarbr\u00fccken<br \/>\n<span class=\"collapseomatic noarrow\" id=\"id2454\"  tabindex=\"0\" title=\"mehr \u2026\"    >mehr \u2026<\/span><div id=\"target-id2454\" class=\"collapseomatic_content \">\n<p><iframe loading=\"lazy\" title=\"SONNWENDE - Trailer\" width=\"560\" height=\"315\" src=\"https:\/\/www.youtube.com\/embed\/Hfh0KsKVXxI?feature=oembed\" frameborder=\"0\" allow=\"accelerometer; autoplay; clipboard-write; encrypted-media; gyroscope; picture-in-picture; web-share\" referrerpolicy=\"strict-origin-when-cross-origin\" allowfullscreen><\/iframe><\/p>\n<p><a href=\"http:\/\/www.judith-angerbauer.de\/wp-content\/uploads\/Judith-Angerbauer-Sonnwende2.jpg\"><img loading=\"lazy\" decoding=\"async\" class=\"alignleft size-large wp-image-131\" src=\"http:\/\/www.judith-angerbauer.de\/wp-content\/uploads\/Judith-Angerbauer-Sonnwende2-1024x640.jpg\" alt=\"Judith-Angerbauer-Sonnwende2\" width=\"650\" height=\"406\" srcset=\"https:\/\/www.judith-angerbauer.de\/wp-content\/uploads\/Judith-Angerbauer-Sonnwende2-1024x640.jpg 1024w, https:\/\/www.judith-angerbauer.de\/wp-content\/uploads\/Judith-Angerbauer-Sonnwende2-300x187.jpg 300w, https:\/\/www.judith-angerbauer.de\/wp-content\/uploads\/Judith-Angerbauer-Sonnwende2.jpg 1440w\" sizes=\"auto, (max-width: 650px) 100vw, 650px\" \/><\/a><\/p>\n<p><a href=\"http:\/\/www.judith-angerbauer.de\/wp-content\/uploads\/2014\/01\/Judith-Angerbauer-Sonnwende-2.jpg\"><img loading=\"lazy\" decoding=\"async\" class=\"alignleft size-large wp-image-11\" src=\"http:\/\/www.judith-angerbauer.de\/wp-content\/uploads\/2014\/01\/Judith-Angerbauer-Sonnwende-2-1024x640.jpg\" alt=\"Image-Sonnwende\" width=\"650\" height=\"406\" srcset=\"https:\/\/www.judith-angerbauer.de\/wp-content\/uploads\/2014\/01\/Judith-Angerbauer-Sonnwende-2-1024x640.jpg 1024w, https:\/\/www.judith-angerbauer.de\/wp-content\/uploads\/2014\/01\/Judith-Angerbauer-Sonnwende-2-300x187.jpg 300w, https:\/\/www.judith-angerbauer.de\/wp-content\/uploads\/2014\/01\/Judith-Angerbauer-Sonnwende-2.jpg 1440w\" sizes=\"auto, (max-width: 650px) 100vw, 650px\" \/><\/a><br \/>\n\u24b8 Torsten Lippstock<br \/>\n<\/div>\n<hr \/>\n<p>2013<br \/>\n<span class=\"headline\">DIE KRONZEUGIN \u2013 MORD IN DEN BERGEN<\/span><br \/>\nscreenplay<br \/>\nDirector: Christiane Balthasar<br \/>\nProduction: Moovie, ZDF<\/p>\n<hr \/>\n<p>2011<br \/>\n<span class=\"headline\">MEIN BRUDER, SEIN ERBE UND ICH<\/span><br \/>\nscreenplay<br \/>\nDirector: Imogen Kimmel<br \/>\nProduction: Kordes &amp; Kordes, ZDF<\/p>\n<hr \/>\n<p>2009<br \/>\n<span class=\"headline\">TATORT \u2013 ARCHITEKTUR EINES TODES<\/span><br \/>\nscreenplay<br \/>\nDirector: Titus Selge<br \/>\nProduction: Hessischer Rundfunk<\/p>\n<hr \/>\n<p>2009<br \/>\n<span class=\"headline\">EGOISTE<\/span> (short film)<br \/>\nScreenplay, direction and production<br \/>\n<span class=\"collapseomatic noarrow\" id=\"id4128\"  tabindex=\"0\" title=\"mehr \u2026\"    >mehr \u2026<\/span><div id=\"target-id4128\" class=\"collapseomatic_content \">\n<p><a href=\"http:\/\/www.judith-angerbauer.de\/wp-content\/uploads\/Judith-Angerbauer-Egoiste1.jpg\"><img loading=\"lazy\" decoding=\"async\" class=\"alignleft size-full wp-image-129\" src=\"http:\/\/www.judith-angerbauer.de\/wp-content\/uploads\/Judith-Angerbauer-Egoiste1.jpg\" alt=\"Judith-Angerbauer-Egoiste\" width=\"1440\" height=\"900\" srcset=\"https:\/\/www.judith-angerbauer.de\/wp-content\/uploads\/Judith-Angerbauer-Egoiste1.jpg 1440w, https:\/\/www.judith-angerbauer.de\/wp-content\/uploads\/Judith-Angerbauer-Egoiste1-300x187.jpg 300w, https:\/\/www.judith-angerbauer.de\/wp-content\/uploads\/Judith-Angerbauer-Egoiste1-1024x640.jpg 1024w\" sizes=\"auto, (max-width: 1440px) 100vw, 1440px\" \/><\/a><br \/>\n\u24b8 Michael Kotschi<\/div>\n<hr \/>\n<p>2008<br \/>\n<span class=\"headline\">TATORT \u2013 DER FR\u00dcHE ABSCHIED<\/span><br \/>\nscreenplay<br \/>\nDirector: Lars Kraume<br \/>\nProduction: Hessischer Rundfunk<br \/>\n<span class=\"collapseomatic noarrow\" id=\"id8836\"  tabindex=\"0\" title=\"mehr \u2026\"    >mehr \u2026<\/span><div id=\"target-id8836\" class=\"collapseomatic_content \">\n<a href=\"http:\/\/www.judith-angerbauer.de\/wp-content\/uploads\/2014\/01\/Judith-Angerbauer-Der-fruehe-Abschied1.jpg\"><img loading=\"lazy\" decoding=\"async\" class=\"alignleft size-full wp-image-57\" src=\"http:\/\/www.judith-angerbauer.de\/wp-content\/uploads\/2014\/01\/Judith-Angerbauer-Der-fruehe-Abschied1.jpg\" alt=\"Der fr\u00fche Abschied\" width=\"1440\" height=\"900\" \/><\/a><br \/>\n\u24b8 HR\/Degeto\/Bettina M\u00fcller<\/div>\n<hr \/>\n<p>2006<br \/>\n<span class=\"headline\">DER FREIE WILLE<\/span><br \/>\nscreenplay<br \/>\nDirector: Matthias Glasner<br \/>\nProduction: Colonia Media, WDR, arte<br \/>\nBerlinale Competition<br \/>\n<span class=\"collapseomatic noarrow\" id=\"id4140\"  tabindex=\"0\" title=\"mehr \u2026\"    >mehr \u2026<\/span><div id=\"target-id4140\" class=\"collapseomatic_content \">\n<a href=\"http:\/\/www.judith-angerbauer.de\/wp-content\/uploads\/2014\/01\/Judith-Angerbauer-Der-freie-Wille1.jpg\"><img loading=\"lazy\" decoding=\"async\" class=\"alignleft size-full wp-image-58\" src=\"http:\/\/www.judith-angerbauer.de\/wp-content\/uploads\/2014\/01\/Judith-Angerbauer-Der-freie-Wille1.jpg\" alt=\"Der freie Wille\" width=\"1440\" height=\"900\" \/><\/a><br \/>\n\u24b8 Matthias Glasner<\/div>\n<hr \/>\n<p>2006<br \/>\n<span class=\"headline\">TATORT \u2013 DAS LETZTE RENNEN<\/span><br \/>\nscreenplay<br \/>\nDirector: Edward Berger<br \/>\nProduction: Hessischer Rundfunk<\/p>\n<hr \/>\n<p>2005<br \/>\n<span class=\"headline\">MATHILDE LIEBT<\/span><br \/>\nscreenplay<br \/>\nDirector: Wolfram Paulus<br \/>\nProduction: Olga Film, WDR<\/p>\n<hr \/>\n<p>2003<br \/>\n<span class=\"headline\">COVER<\/span> (short film)<br \/>\nscreenplay, direction, editing<br \/>\nvarious film festivals (Gijon, Oldenburg, Benicassim, Buenos Aires)<br \/>\n<span class=\"collapseomatic noarrow\" id=\"id1827\"  tabindex=\"0\" title=\"mehr \u2026\"    >mehr \u2026<\/span><div id=\"target-id1827\" class=\"collapseomatic_content \">\n<a href=\"http:\/\/www.judith-angerbauer.de\/wp-content\/uploads\/2014\/01\/Judith-Angerbauer-Cover.jpg\"><img loading=\"lazy\" decoding=\"async\" class=\"alignleft size-large wp-image-54\" src=\"http:\/\/www.judith-angerbauer.de\/wp-content\/uploads\/2014\/01\/Judith-Angerbauer-Cover-1024x640.jpg\" alt=\"Cover\" width=\"650\" height=\"406\" srcset=\"https:\/\/www.judith-angerbauer.de\/wp-content\/uploads\/2014\/01\/Judith-Angerbauer-Cover-1024x640.jpg 1024w, https:\/\/www.judith-angerbauer.de\/wp-content\/uploads\/2014\/01\/Judith-Angerbauer-Cover-300x187.jpg 300w, https:\/\/www.judith-angerbauer.de\/wp-content\/uploads\/2014\/01\/Judith-Angerbauer-Cover.jpg 1440w\" sizes=\"auto, (max-width: 650px) 100vw, 650px\" \/><\/a><br \/>\n\u24b8 Michael Kotschi<\/div>","protected":false},"excerpt":{"rendered":"<p>2024 SABBATICAL writer and director Production: Neue Sch\u00f6nhauser Film, Anna Wendt, Yorgos Tsourgiannis, WDR, arte Filmfest M\u00fcnchen Thessaloniki Film Festival Ahrenshooper Filmn\u00e4chte (Promotion Award) Achtung Berlin Festival 2023 WAS WIR F\u00dcRCHTEN Head writer Director: Daniel R\u00fcbesam Filmfestival Cologne nominated for the Grimme Award 2023 MARET screenplay Director: Laura Schroeder Production: Red Lion Luxemburg, Red Balloon [&hellip;]<\/p>\n","protected":false},"author":1,"featured_media":0,"parent":0,"menu_order":0,"comment_status":"closed","ping_status":"closed","template":"","meta":{"footnotes":""},"class_list":["post-16","page","type-page","status-publish","hentry"],"aioseo_notices":[],"_links":{"self":[{"href":"https:\/\/www.judith-angerbauer.de\/en\/wp-json\/wp\/v2\/pages\/16","targetHints":{"allow":["GET"]}}],"collection":[{"href":"https:\/\/www.judith-angerbauer.de\/en\/wp-json\/wp\/v2\/pages"}],"about":[{"href":"https:\/\/www.judith-angerbauer.de\/en\/wp-json\/wp\/v2\/types\/page"}],"author":[{"embeddable":true,"href":"https:\/\/www.judith-angerbauer.de\/en\/wp-json\/wp\/v2\/users\/1"}],"replies":[{"embeddable":true,"href":"https:\/\/www.judith-angerbauer.de\/en\/wp-json\/wp\/v2\/comments?post=16"}],"version-history":[{"count":121,"href":"https:\/\/www.judith-angerbauer.de\/en\/wp-json\/wp\/v2\/pages\/16\/revisions"}],"predecessor-version":[{"id":326,"href":"https:\/\/www.judith-angerbauer.de\/en\/wp-json\/wp\/v2\/pages\/16\/revisions\/326"}],"wp:attachment":[{"href":"https:\/\/www.judith-angerbauer.de\/en\/wp-json\/wp\/v2\/media?parent=16"}],"curies":[{"name":"wp","href":"https:\/\/api.w.org\/{rel}","templated":true}]}}